{"id":2,"date":"2025-12-20T18:45:40","date_gmt":"2025-12-20T11:45:40","guid":{"rendered":"https:\/\/www.demo.vietnamweb.asia\/?page_id=2"},"modified":"2025-12-20T18:45:54","modified_gmt":"2025-12-20T11:45:54","slug":"trang-chu","status":"publish","type":"page","link":"https:\/\/kbbet06.bet\/","title":{"rendered":"Kbbet06 com &#8211; Trang Ch\u1ee7 Kbbet | Th\u01b0\u1edfng Th\u00eam 5% Ti\u1ec1n N\u1ea1p Ng\u00e0y V\u00e0ng"},"content":{"rendered":"<h2><span style=\"font-size: 110%; color: #f99b1c;\"><strong>TRANG CH\u1ee6 \u0110\u0102NG NH\u1eacP NH\u00c0 C\u00c1I KBBET<\/strong><\/span><\/h2>\n<p>Link trang t\u1ed5ng v\u00e0o Kbbet06 com ch\u00ednh th\u1ee9c c\u1eadp nh\u1eadt ng\u00e0y h\u00f4m nay m\u1edbi nh\u1ea5t:<\/p>\n<div class=\"row row-small\"  id=\"row-1961511215\">\n\n\t<div id=\"col-772713581\" class=\"col medium-4 small-12 large-4\"  >\n\t\t\t\t<div class=\"col-inner\"  >\n\t\t\t\n\t\t\t\n\t<div class=\"img has-hover x md-x lg-x y md-y lg-y\" id=\"image_342921548\">\n\t\t<a class=\"\" href=\"https:\/\/qcte88.pro\/hwcf\" >\t\t\t\t\t\t<div class=\"img-inner dark\" >\n\t\t\t<img loading=\"lazy\" decoding=\"async\" width=\"400\" height=\"188\" src=\"https:\/\/kbbet06.bet\/wp-content\/uploads\/2025\/03\/dang-ky.webp\" class=\"attachment-original size-original\" alt=\"\u0110\u0103ng k\u00fd nh\u00e0 c\u00e1i\" srcset=\"https:\/\/kbbet06.bet\/wp-content\/uploads\/2025\/03\/dang-ky.webp 400w, https:\/\/kbbet06.bet\/wp-content\/uploads\/2025\/03\/dang-ky-300x141.webp 300w\" sizes=\"auto, (max-width: 400px) 100vw, 400px\" \/>\t\t\t\t\t\t\n\t\t\t\t\t<\/div>\n\t\t\t\t\t\t<\/a>\t\t\n<style>\n#image_342921548 {\n  width: 100%;\n}\n<\/style>\n\t<\/div>\n\t\n\t\t<\/div>\n\t\t\t\t\t<\/div>\n\n\t\n\n\t<div id=\"col-1958075474\" class=\"col medium-4 small-12 large-4\"  >\n\t\t\t\t<div class=\"col-inner\"  >\n\t\t\t\n\t\t\t\n\t<div class=\"img has-hover x md-x lg-x y md-y lg-y\" id=\"image_1387074682\">\n\t\t<a class=\"\" href=\"https:\/\/qcte88.pro\/hwcf\" >\t\t\t\t\t\t<div class=\"img-inner dark\" >\n\t\t\t<img loading=\"lazy\" decoding=\"async\" width=\"400\" height=\"188\" src=\"https:\/\/kbbet06.bet\/wp-content\/uploads\/2025\/03\/dang-nhap.webp\" class=\"attachment-original size-original\" alt=\"\u0110\u0103ng nh\u1eadp t\u1ea3i app\" srcset=\"https:\/\/kbbet06.bet\/wp-content\/uploads\/2025\/03\/dang-nhap.webp 400w, https:\/\/kbbet06.bet\/wp-content\/uploads\/2025\/03\/dang-nhap-300x141.webp 300w\" sizes=\"auto, (max-width: 400px) 100vw, 400px\" \/>\t\t\t\t\t\t\n\t\t\t\t\t<\/div>\n\t\t\t\t\t\t<\/a>\t\t\n<style>\n#image_1387074682 {\n  width: 100%;\n}\n<\/style>\n\t<\/div>\n\t\n\t\t<\/div>\n\t\t\t\t\t<\/div>\n\n\t\n\n\t<div id=\"col-1391006128\" class=\"col medium-4 small-12 large-4\"  >\n\t\t\t\t<div class=\"col-inner\"  >\n\t\t\t\n\t\t\t\n\t<div class=\"img has-hover x md-x lg-x y md-y lg-y\" id=\"image_496597936\">\n\t\t<a class=\"\" href=\"https:\/\/qcte88.pro\/hwcf\" >\t\t\t\t\t\t<div class=\"img-inner dark\" >\n\t\t\t<img loading=\"lazy\" decoding=\"async\" width=\"400\" height=\"188\" src=\"https:\/\/kbbet06.bet\/wp-content\/uploads\/2025\/03\/khuyen-mai.webp\" class=\"attachment-original size-original\" alt=\"Khuy\u1ebfn m\u00e3i th\u00e0nh vi\u00ean\" srcset=\"https:\/\/kbbet06.bet\/wp-content\/uploads\/2025\/03\/khuyen-mai.webp 400w, https:\/\/kbbet06.bet\/wp-content\/uploads\/2025\/03\/khuyen-mai-300x141.webp 300w\" sizes=\"auto, (max-width: 400px) 100vw, 400px\" \/>\t\t\t\t\t\t\n\t\t\t\t\t<\/div>\n\t\t\t\t\t\t<\/a>\t\t\n<style>\n#image_496597936 {\n  width: 100%;\n}\n<\/style>\n\t<\/div>\n\t\n\t\t<\/div>\n\t\t\t\t\t<\/div>\n\n\t\n<\/div>\n\t<div id=\"gap-1875296632\" class=\"gap-element clearfix\" style=\"display:block; height:auto;\">\n\t\t\n<style>\n#gap-1875296632 {\n  padding-top: 16px;\n}\n<\/style>\n\t<\/div>\n\t\n\t<div id=\"gap-2056682573\" class=\"gap-element clearfix\" style=\"display:block; height:auto;\">\n\t\t\n<style>\n#gap-2056682573 {\n  padding-top: 15px;\n}\n<\/style>\n\t<\/div>\n\t\n<p><strong>Disclaimer (Tuy\u00ean b\u1ed1 mi\u1ec5n tr\u1eeb):<\/strong> N\u1ed9i dung \u0111\u0103ng t\u1ea3i tr\u00ean Kbbet06.bet ch\u1ec9 mang t\u00ednh ch\u1ea5t chia s\u1ebb th\u00f4ng tin chung, kh\u00f4ng nh\u1eb1m k\u00eau g\u1ecdi hay khuy\u1ebfn kh\u00edch tham gia c\u00e1 c\u01b0\u1ee3c. Ng\u01b0\u1eddi truy c\u1eadp t\u1ef1 ch\u1ecbu tr\u00e1ch nhi\u1ec7m v\u1edbi c\u00e1c quy\u1ebft \u0111\u1ecbnh c\u1ee7a m\u00ecnh khi tham gia v\u00e0o c\u00e1c trang web li\u00ean k\u1ebft b\u00ean ngo\u00e0i, v\u00e0 Kbbet06 casino ho\u00e0n to\u00e0n mi\u1ec5n tr\u1eeb tr\u00e1ch nhi\u1ec7m \u0111\u1ed1i v\u1edbi m\u1ecdi r\u1ee7i ro, thi\u1ec7t h\u1ea1i ho\u1eb7c tranh ch\u1ea5p ph\u00e1t sinh.<\/p>\n<h2 class=\"tieu-de uppercase\"><span style=\"color: #3366ff;\"><strong>FAQ &#8211; nh\u1eefng th\u1eafc m\u1eafc v\u1ec1 trang ch\u1ee7 KBBET<\/strong><\/span><\/h2>\n<div class=\"accordion\"><\/div>\n\t<div id=\"accordion-3150551135\" class=\"accordion-item\">\n\t\t<a id=\"accordion-3150551135-label\" class=\"accordion-title plain\" href=\"#accordion-item-th\u00f4ng-tin-t\u00e0i-kho\u1ea3n-kbbet-06.casino-c\u00f3-\u0111\u01b0\u1ee3c-b\u1ea3o-m\u1eadt-kh\u00f4ng?\" aria-expanded=\"false\" aria-controls=\"accordion-3150551135-content\" >\n\t\t\t<button class=\"toggle\" aria-label=\"Chuy\u1ec3n \u0111\u1ed5i\"><i class=\"icon-angle-down\"><\/i><\/button>\n\t\t\t<span>Th\u00f4ng tin t\u00e0i kho\u1ea3n Kbbet 06.casino c\u00f3 \u0111\u01b0\u1ee3c b\u1ea3o m\u1eadt kh\u00f4ng?<\/span>\n\t\t<\/a>\n\t\t<div id=\"accordion-3150551135-content\" class=\"accordion-inner\" aria-labelledby=\"accordion-3150551135-label\" >\n\t\t\t\n<p><span style=\"color: #3366ff;\">T\u1ea5t c\u1ea3 th\u00f4ng tin c\u00e1 nh\u00e2n do ng\u01b0\u1eddi d\u00f9ng cung c\u1ea5p tr\u00ean trang Kbbet game s\u1ebd \u0111\u01b0\u1ee3c truy\u1ec1n qua c\u1ed5ng b\u1ea3o m\u1eadt \u0111\u01b0\u1ee3c m\u00e3 h\u00f3a SSL 128 bit (Ti\u00eau chu\u1ea9n m\u00e3 h\u00f3a SSL 128 bit) v\u00e0 \u0111\u01b0\u1ee3c l\u01b0u tr\u1eef trong m\u1ed9t m\u00f4i tr\u01b0\u1eddng b\u00ed m\u1eadt.. Truy c\u1eadp n\u1ed9i b\u1ed9 v\u00e0o t\u1ea5t c\u1ea3 c\u00e1c d\u1eef li\u1ec7u b\u1ecb h\u1ea1n ch\u1ebf v\u00e0 theo d\u00f5i ch\u1eb7t ch\u1ebd, \u0111\u1ec3 \u0111\u1ea3m b\u1ea3o an to\u00e0n cho th\u00f4ng tin v\u00e0 d\u1eef li\u1ec7u c\u00e1 nh\u00e2n c\u1ee7a ng\u01b0\u1eddi d\u00f9ng.<\/span><\/p>\n\t\t<\/div>\n\t<\/div>\n\t\n\t<div id=\"accordion-2130148804\" class=\"accordion-item\">\n\t\t<a id=\"accordion-2130148804-label\" class=\"accordion-title plain\" href=\"#accordion-item-truy-c\u1eadp-kbbet-com-b\u1eb1ng-link-ch\u00ednh-th\u1ee9c-n\u00e0o?\" aria-expanded=\"false\" aria-controls=\"accordion-2130148804-content\" >\n\t\t\t<button class=\"toggle\" aria-label=\"Chuy\u1ec3n \u0111\u1ed5i\"><i class=\"icon-angle-down\"><\/i><\/button>\n\t\t\t<span>Truy c\u1eadp Kbbet com b\u1eb1ng link ch\u00ednh th\u1ee9c n\u00e0o?<\/span>\n\t\t<\/a>\n\t\t<div id=\"accordion-2130148804-content\" class=\"accordion-inner\" aria-labelledby=\"accordion-2130148804-label\" >\n\t\t\t\n<p><span style=\"color: #3366ff;\">Truy c\u1eadp v\u00e0o Kbbet b\u1eb1ng c\u00e1c trang sau:<\/span><\/p>\n<ul>\n<li><span style=\"color: #3366ff;\">Kbbet06 .com<\/span><\/li>\n<li><span style=\"color: #3366ff;\">Kbbet0 6.casino<\/span><\/li>\n<li><span style=\"color: #3366ff;\">Kbbet 06.app<\/span><\/li>\n<li><span style=\"color: #3366ff;\">Kbbet06 . game<\/span><\/li>\n<li><span style=\"color: #3366ff;\">Kbet06 .bet<\/span><\/li>\n<\/ul>\n<p>#trangchukbbet #dangnhapkbbet #dangkykbbet #taiappkbbet #appkbbet #kbbetbet #kbbetcasino<\/p>\n<p>#trangchukbbet06 #dangnhapkbbet06 #dangkykbbet06 #taiappkbbet06 #appkbbet06 #kbbet06bet #kbbet06casino<\/p>\n\t\t<\/div>\n\t<\/div>\n\t\n\t<div id=\"accordion-2913988592\" class=\"accordion-item\">\n\t\t<a id=\"accordion-2913988592-label\" class=\"accordion-title plain\" href=\"#accordion-item-k\u00eanh-h\u1ed7-tr\u1ee3-kh\u00e1ch-h\u00e0ng-kbbet-06-app-ho\u1ea1t-\u0111\u1ed9ng-nh\u01b0-th\u1ebf-n\u00e0o?\" aria-expanded=\"false\" aria-controls=\"accordion-2913988592-content\" >\n\t\t\t<button class=\"toggle\" aria-label=\"Chuy\u1ec3n \u0111\u1ed5i\"><i class=\"icon-angle-down\"><\/i><\/button>\n\t\t\t<span>K\u00eanh h\u1ed7 tr\u1ee3 kh\u00e1ch h\u00e0ng Kbbet 06 app ho\u1ea1t \u0111\u1ed9ng nh\u01b0 th\u1ebf n\u00e0o?<\/span>\n\t\t<\/a>\n\t\t<div id=\"accordion-2913988592-content\" class=\"accordion-inner\" aria-labelledby=\"accordion-2913988592-label\" >\n\t\t\t\n<p><span style=\"color: #3366ff;\">H\u1ec7 th\u1ed1ng CSKH c\u1ee7a Kbbet 06.game ho\u1ea1t \u0111\u1ed9ng 24\/7 b\u1ea5t k\u1ef3 khi n\u00e0o ng\u01b0\u1eddi ch\u01a1i g\u1eb7p v\u1ea5n \u0111\u1ec1 khi tham gia ch\u01a1i \u0111\u1ec1u c\u00f3 th\u1ec3 li\u00ean h\u1ec7 CSKH \u0111\u1ec3 \u0111\u01b0\u1ee3c h\u1ed7 tr\u1ee3 nhanh nh\u1ea5t.<\/span><\/p>\n\t\t<\/div>\n\t<\/div>\n\t\n\t<div id=\"accordion-3772438975\" class=\"accordion-item\">\n\t\t<a id=\"accordion-3772438975-label\" class=\"accordion-title plain\" href=\"#accordion-item-t\u1ea3i-app-kbbet-06.net-c\u00f3-kh\u00f3-kh\u00f4ng?\" aria-expanded=\"false\" aria-controls=\"accordion-3772438975-content\" >\n\t\t\t<button class=\"toggle\" aria-label=\"Chuy\u1ec3n \u0111\u1ed5i\"><i class=\"icon-angle-down\"><\/i><\/button>\n\t\t\t<span>T\u1ea3i App Kbbet 06.net c\u00f3 kh\u00f3 kh\u00f4ng?<\/span>\n\t\t<\/a>\n\t\t<div id=\"accordion-3772438975-content\" class=\"accordion-inner\" aria-labelledby=\"accordion-3772438975-label\" >\n\t\t\t\n<p><span style=\"color: #3366ff;\">Nh\u00e0 c\u00e1i Kbbet \u0111\u00e3 \u0111\u01b0a v\u00e0o ho\u1ea1t \u0111\u1ed9ng \u1ee9ng d\u1ee5ng t\u1ea3i v\u1ec1 thi\u1ebft b\u1ecb di \u0111\u1ed9ng. H\u1ed7 tr\u1ee3 t\u1ea3i v\u1ec1 th\u00f4ng qua 2 h\u1ec7 \u0111i\u1ec1u h\u00e0nh ch\u00ednh l\u00e0 iOs v\u00e0 Android, \u1ee9ng d\u1ee5ng c\u00f3 thi\u1ebft k\u1ebf nh\u1ecf g\u1ecdn giao di\u1ec7n hi\u1ec7n \u0111\u1ea1i v\u00e0 d\u1ec5 d\u00e0ng t\u1ea3i v\u1ec1 tr\u00ean m\u1ecdi lo\u1ea1i thi\u1ebft b\u1ecb di \u0111\u1ed9ng th\u00f4ng minh.<\/span><\/p>\n\t\t<\/div>\n\t<\/div>\n\t\n<p>&nbsp;<\/p>\n","protected":false},"excerpt":{"rendered":"<p>TRANG CH\u1ee6 \u0110\u0102NG NH\u1eacP NH\u00c0 C\u00c1I KBBET Link trang t\u1ed5ng v\u00e0o Kbbet06 com ch\u00ednh th\u1ee9c c\u1eadp nh\u1eadt ng\u00e0y h\u00f4m nay m\u1edbi nh\u1ea5t: Disclaimer (Tuy\u00ean b\u1ed1 mi\u1ec5n tr\u1eeb): N\u1ed9i dung \u0111\u0103ng t\u1ea3i tr\u00ean Kbbet06.bet ch\u1ec9 mang t\u00ednh ch\u1ea5t chia s\u1ebb th\u00f4ng tin chung, kh\u00f4ng nh\u1eb1m k\u00eau g\u1ecdi hay khuy\u1ebfn kh\u00edch tham gia c\u00e1 c\u01b0\u1ee3c. Ng\u01b0\u1eddi truy&#8230;<\/p>\n","protected":false},"author":1,"featured_media":0,"parent":0,"menu_order":0,"comment_status":"closed","ping_status":"open","template":"page-right-sidebar.php","meta":{"footnotes":""},"class_list":["post-2","page","type-page","status-publish","hentry"],"_links":{"self":[{"href":"https:\/\/kbbet06.bet\/index.php?rest_route=\/wp\/v2\/pages\/2","targetHints":{"allow":["GET"]}}],"collection":[{"href":"https:\/\/kbbet06.bet\/index.php?rest_route=\/wp\/v2\/pages"}],"about":[{"href":"https:\/\/kbbet06.bet\/index.php?rest_route=\/wp\/v2\/types\/page"}],"author":[{"embeddable":true,"href":"https:\/\/kbbet06.bet\/index.php?rest_route=\/wp\/v2\/users\/1"}],"replies":[{"embeddable":true,"href":"https:\/\/kbbet06.bet\/index.php?rest_route=%2Fwp%2Fv2%2Fcomments&post=2"}],"version-history":[{"count":54,"href":"https:\/\/kbbet06.bet\/index.php?rest_route=\/wp\/v2\/pages\/2\/revisions"}],"predecessor-version":[{"id":632,"href":"https:\/\/kbbet06.bet\/index.php?rest_route=\/wp\/v2\/pages\/2\/revisions\/632"}],"wp:attachment":[{"href":"https:\/\/kbbet06.bet\/index.php?rest_route=%2Fwp%2Fv2%2Fmedia&parent=2"}],"curies":[{"name":"wp","href":"https:\/\/api.w.org\/{rel}","templated":true}]}}